{"id":361,"date":"2021-01-25T11:13:56","date_gmt":"2021-01-25T11:13:56","guid":{"rendered":"https:\/\/louer-lesetoiles.ca\/studio-layout-2\/"},"modified":"2025-01-08T19:09:53","modified_gmt":"2025-01-08T19:09:53","slug":"studio","status":"publish","type":"page","link":"https:\/\/louer-lesetoiles.ca\/fr\/studio\/","title":{"rendered":"Studio"},"content":{"rendered":"","protected":false},"excerpt":{"rendered":"","protected":false},"author":2,"featured_media":0,"parent":0,"menu_order":0,"comment_status":"closed","ping_status":"closed","template":"","meta":{"_acf_changed":false,"footnotes":""},"class_list":["post-361","page","type-page","status-publish","hentry"],"acf":[],"yoast_head":"<!-- This site is optimized with the Yoast SEO plugin v27.6 - https:\/\/yoast.com\/product\/yoast-seo-wordpress\/ -->\n<title>Studio \u00e0 louer | Vieux-Port de Montr\u00e9al | Les \u00c9toiles<\/title>\n<meta name=\"description\" content=\"Visitez \u00e0 360\u00b0 les studios de luxe de l&#039;\u00c9toile, situ\u00e9s au c\u0153ur du Vieux-Port de Montr\u00e9al.\" \/>\n<meta name=\"robots\" content=\"index, follow, max-snippet:-1, max-image-preview:large, max-video-preview:-1\" \/>\n<link rel=\"canonical\" href=\"https:\/\/louer-lesetoiles.ca\/fr\/studio\/\" \/>\n<meta property=\"og:locale\" content=\"fr_FR\" \/>\n<meta property=\"og:type\" content=\"article\" \/>\n<meta property=\"og:title\" content=\"Studio \u00e0 louer | Vieux-Port de Montr\u00e9al | Les \u00c9toiles\" \/>\n<meta property=\"og:description\" content=\"Visitez \u00e0 360\u00b0 les studios de luxe de l&#039;\u00c9toile, situ\u00e9s au c\u0153ur du Vieux-Port de Montr\u00e9al.\" \/>\n<meta property=\"og:url\" content=\"https:\/\/louer-lesetoiles.ca\/fr\/studio\/\" \/>\n<meta property=\"og:site_name\" content=\"Les Etoiles\" \/>\n<meta property=\"article:modified_time\" content=\"2025-01-08T19:09:53+00:00\" \/>\n<meta name=\"twitter:card\" content=\"summary_large_image\" \/>\n<script type=\"application\/ld+json\" class=\"yoast-schema-graph\">{\"@context\":\"https:\\\/\\\/schema.org\",\"@graph\":[{\"@type\":\"WebPage\",\"@id\":\"https:\\\/\\\/louer-lesetoiles.ca\\\/fr\\\/studio\\\/\",\"url\":\"https:\\\/\\\/louer-lesetoiles.ca\\\/fr\\\/studio\\\/\",\"name\":\"Studio \u00e0 louer | Vieux-Port de Montr\u00e9al | Les \u00c9toiles\",\"isPartOf\":{\"@id\":\"https:\\\/\\\/louer-lesetoiles.ca\\\/#website\"},\"datePublished\":\"2021-01-25T11:13:56+00:00\",\"dateModified\":\"2025-01-08T19:09:53+00:00\",\"description\":\"Visitez \u00e0 360\u00b0 les studios de luxe de l'\u00c9toile, situ\u00e9s au c\u0153ur du Vieux-Port de Montr\u00e9al.\",\"breadcrumb\":{\"@id\":\"https:\\\/\\\/louer-lesetoiles.ca\\\/fr\\\/studio\\\/#breadcrumb\"},\"inLanguage\":\"fr-FR\",\"potentialAction\":[{\"@type\":\"ReadAction\",\"target\":[\"https:\\\/\\\/louer-lesetoiles.ca\\\/fr\\\/studio\\\/\"]}]},{\"@type\":\"BreadcrumbList\",\"@id\":\"https:\\\/\\\/louer-lesetoiles.ca\\\/fr\\\/studio\\\/#breadcrumb\",\"itemListElement\":[{\"@type\":\"ListItem\",\"position\":1,\"name\":\"Home\",\"item\":\"https:\\\/\\\/louer-lesetoiles.ca\\\/fr\\\/\"},{\"@type\":\"ListItem\",\"position\":2,\"name\":\"Studio\"}]},{\"@type\":\"WebSite\",\"@id\":\"https:\\\/\\\/louer-lesetoiles.ca\\\/#website\",\"url\":\"https:\\\/\\\/louer-lesetoiles.ca\\\/\",\"name\":\"Les Etoiles\",\"description\":\"\",\"potentialAction\":[{\"@type\":\"SearchAction\",\"target\":{\"@type\":\"EntryPoint\",\"urlTemplate\":\"https:\\\/\\\/louer-lesetoiles.ca\\\/?s={search_term_string}\"},\"query-input\":{\"@type\":\"PropertyValueSpecification\",\"valueRequired\":true,\"valueName\":\"search_term_string\"}}],\"inLanguage\":\"fr-FR\"}]}<\/script>\n<!-- \/ Yoast SEO plugin. -->","yoast_head_json":{"title":"Studio \u00e0 louer | Vieux-Port de Montr\u00e9al | Les \u00c9toiles","description":"Visitez \u00e0 360\u00b0 les studios de luxe de l'\u00c9toile, situ\u00e9s au c\u0153ur du Vieux-Port de Montr\u00e9al.","robots":{"index":"index","follow":"follow","max-snippet":"max-snippet:-1","max-image-preview":"max-image-preview:large","max-video-preview":"max-video-preview:-1"},"canonical":"https:\/\/louer-lesetoiles.ca\/fr\/studio\/","og_locale":"fr_FR","og_type":"article","og_title":"Studio \u00e0 louer | Vieux-Port de Montr\u00e9al | Les \u00c9toiles","og_description":"Visitez \u00e0 360\u00b0 les studios de luxe de l'\u00c9toile, situ\u00e9s au c\u0153ur du Vieux-Port de Montr\u00e9al.","og_url":"https:\/\/louer-lesetoiles.ca\/fr\/studio\/","og_site_name":"Les Etoiles","article_modified_time":"2025-01-08T19:09:53+00:00","twitter_card":"summary_large_image","schema":{"@context":"https:\/\/schema.org","@graph":[{"@type":"WebPage","@id":"https:\/\/louer-lesetoiles.ca\/fr\/studio\/","url":"https:\/\/louer-lesetoiles.ca\/fr\/studio\/","name":"Studio \u00e0 louer | Vieux-Port de Montr\u00e9al | Les \u00c9toiles","isPartOf":{"@id":"https:\/\/louer-lesetoiles.ca\/#website"},"datePublished":"2021-01-25T11:13:56+00:00","dateModified":"2025-01-08T19:09:53+00:00","description":"Visitez \u00e0 360\u00b0 les studios de luxe de l'\u00c9toile, situ\u00e9s au c\u0153ur du Vieux-Port de Montr\u00e9al.","breadcrumb":{"@id":"https:\/\/louer-lesetoiles.ca\/fr\/studio\/#breadcrumb"},"inLanguage":"fr-FR","potentialAction":[{"@type":"ReadAction","target":["https:\/\/louer-lesetoiles.ca\/fr\/studio\/"]}]},{"@type":"BreadcrumbList","@id":"https:\/\/louer-lesetoiles.ca\/fr\/studio\/#breadcrumb","itemListElement":[{"@type":"ListItem","position":1,"name":"Home","item":"https:\/\/louer-lesetoiles.ca\/fr\/"},{"@type":"ListItem","position":2,"name":"Studio"}]},{"@type":"WebSite","@id":"https:\/\/louer-lesetoiles.ca\/#website","url":"https:\/\/louer-lesetoiles.ca\/","name":"Les Etoiles","description":"","potentialAction":[{"@type":"SearchAction","target":{"@type":"EntryPoint","urlTemplate":"https:\/\/louer-lesetoiles.ca\/?s={search_term_string}"},"query-input":{"@type":"PropertyValueSpecification","valueRequired":true,"valueName":"search_term_string"}}],"inLanguage":"fr-FR"}]}},"_links":{"self":[{"href":"https:\/\/louer-lesetoiles.ca\/fr\/wp-json\/wp\/v2\/pages\/361","targetHints":{"allow":["GET"]}}],"collection":[{"href":"https:\/\/louer-lesetoiles.ca\/fr\/wp-json\/wp\/v2\/pages"}],"about":[{"href":"https:\/\/louer-lesetoiles.ca\/fr\/wp-json\/wp\/v2\/types\/page"}],"author":[{"embeddable":true,"href":"https:\/\/louer-lesetoiles.ca\/fr\/wp-json\/wp\/v2\/users\/2"}],"replies":[{"embeddable":true,"href":"https:\/\/louer-lesetoiles.ca\/fr\/wp-json\/wp\/v2\/comments?post=361"}],"version-history":[{"count":0,"href":"https:\/\/louer-lesetoiles.ca\/fr\/wp-json\/wp\/v2\/pages\/361\/revisions"}],"wp:attachment":[{"href":"https:\/\/louer-lesetoiles.ca\/fr\/wp-json\/wp\/v2\/media?parent=361"}],"curies":[{"name":"wp","href":"https:\/\/api.w.org\/{rel}","templated":true}]}}