{"id":285,"date":"2021-01-21T09:18:30","date_gmt":"2021-01-21T09:18:30","guid":{"rendered":"https:\/\/louer-lesetoiles.ca\/a-propos\/"},"modified":"2023-07-27T15:47:47","modified_gmt":"2023-07-27T15:47:47","slug":"a-propos","status":"publish","type":"page","link":"https:\/\/louer-lesetoiles.ca\/fr\/a-propos\/","title":{"rendered":"\u00c0 propos"},"content":{"rendered":"","protected":false},"excerpt":{"rendered":"","protected":false},"author":2,"featured_media":0,"parent":0,"menu_order":0,"comment_status":"closed","ping_status":"closed","template":"","meta":{"_acf_changed":false,"footnotes":""},"class_list":["post-285","page","type-page","status-publish","hentry"],"acf":[],"yoast_head":"<!-- This site is optimized with the Yoast SEO plugin v23.8 - https:\/\/yoast.com\/wordpress\/plugins\/seo\/ -->\n<title>Appartements de luxe | Vieux-Port de Montr\u00e9al | Les \u00c9toiles<\/title>\n<meta name=\"description\" content=\"Appartements de luxe avec vue panoramique sur le quartier des affaires de Montr\u00e9al, con\u00e7us pour les professionnels \u00e0 la recherche d&#039;un style de vie urbain et chic.\" \/>\n<meta name=\"robots\" content=\"index, follow, max-snippet:-1, max-image-preview:large, max-video-preview:-1\" \/>\n<link rel=\"canonical\" href=\"https:\/\/louer-lesetoiles.ca\/fr\/a-propos\/\" \/>\n<meta property=\"og:locale\" content=\"fr_FR\" \/>\n<meta property=\"og:type\" content=\"article\" \/>\n<meta property=\"og:title\" content=\"Appartements de luxe | Vieux-Port de Montr\u00e9al | Les \u00c9toiles\" \/>\n<meta property=\"og:description\" content=\"Appartements de luxe avec vue panoramique sur le quartier des affaires de Montr\u00e9al, con\u00e7us pour les professionnels \u00e0 la recherche d&#039;un style de vie urbain et chic.\" \/>\n<meta property=\"og:url\" content=\"https:\/\/louer-lesetoiles.ca\/fr\/a-propos\/\" \/>\n<meta property=\"og:site_name\" content=\"Les Etoiles\" \/>\n<meta property=\"article:modified_time\" content=\"2023-07-27T15:47:47+00:00\" \/>\n<meta name=\"twitter:card\" content=\"summary_large_image\" \/>\n<script type=\"application\/ld+json\" class=\"yoast-schema-graph\">{\"@context\":\"https:\/\/schema.org\",\"@graph\":[{\"@type\":\"WebPage\",\"@id\":\"https:\/\/louer-lesetoiles.ca\/fr\/a-propos\/\",\"url\":\"https:\/\/louer-lesetoiles.ca\/fr\/a-propos\/\",\"name\":\"Appartements de luxe | Vieux-Port de Montr\u00e9al | Les \u00c9toiles\",\"isPartOf\":{\"@id\":\"https:\/\/louer-lesetoiles.ca\/#website\"},\"datePublished\":\"2021-01-21T09:18:30+00:00\",\"dateModified\":\"2023-07-27T15:47:47+00:00\",\"description\":\"Appartements de luxe avec vue panoramique sur le quartier des affaires de Montr\u00e9al, con\u00e7us pour les professionnels \u00e0 la recherche d'un style de vie urbain et chic.\",\"breadcrumb\":{\"@id\":\"https:\/\/louer-lesetoiles.ca\/fr\/a-propos\/#breadcrumb\"},\"inLanguage\":\"fr-FR\",\"potentialAction\":[{\"@type\":\"ReadAction\",\"target\":[\"https:\/\/louer-lesetoiles.ca\/fr\/a-propos\/\"]}]},{\"@type\":\"BreadcrumbList\",\"@id\":\"https:\/\/louer-lesetoiles.ca\/fr\/a-propos\/#breadcrumb\",\"itemListElement\":[{\"@type\":\"ListItem\",\"position\":1,\"name\":\"Home\",\"item\":\"https:\/\/louer-lesetoiles.ca\/fr\/\"},{\"@type\":\"ListItem\",\"position\":2,\"name\":\"\u00c0 propos\"}]},{\"@type\":\"WebSite\",\"@id\":\"https:\/\/louer-lesetoiles.ca\/#website\",\"url\":\"https:\/\/louer-lesetoiles.ca\/\",\"name\":\"Les Etoiles\",\"description\":\"\",\"potentialAction\":[{\"@type\":\"SearchAction\",\"target\":{\"@type\":\"EntryPoint\",\"urlTemplate\":\"https:\/\/louer-lesetoiles.ca\/?s={search_term_string}\"},\"query-input\":{\"@type\":\"PropertyValueSpecification\",\"valueRequired\":true,\"valueName\":\"search_term_string\"}}],\"inLanguage\":\"fr-FR\"}]}<\/script>\n<!-- \/ Yoast SEO plugin. -->","yoast_head_json":{"title":"Appartements de luxe | Vieux-Port de Montr\u00e9al | Les \u00c9toiles","description":"Appartements de luxe avec vue panoramique sur le quartier des affaires de Montr\u00e9al, con\u00e7us pour les professionnels \u00e0 la recherche d'un style de vie urbain et chic.","robots":{"index":"index","follow":"follow","max-snippet":"max-snippet:-1","max-image-preview":"max-image-preview:large","max-video-preview":"max-video-preview:-1"},"canonical":"https:\/\/louer-lesetoiles.ca\/fr\/a-propos\/","og_locale":"fr_FR","og_type":"article","og_title":"Appartements de luxe | Vieux-Port de Montr\u00e9al | Les \u00c9toiles","og_description":"Appartements de luxe avec vue panoramique sur le quartier des affaires de Montr\u00e9al, con\u00e7us pour les professionnels \u00e0 la recherche d'un style de vie urbain et chic.","og_url":"https:\/\/louer-lesetoiles.ca\/fr\/a-propos\/","og_site_name":"Les Etoiles","article_modified_time":"2023-07-27T15:47:47+00:00","twitter_card":"summary_large_image","schema":{"@context":"https:\/\/schema.org","@graph":[{"@type":"WebPage","@id":"https:\/\/louer-lesetoiles.ca\/fr\/a-propos\/","url":"https:\/\/louer-lesetoiles.ca\/fr\/a-propos\/","name":"Appartements de luxe | Vieux-Port de Montr\u00e9al | Les \u00c9toiles","isPartOf":{"@id":"https:\/\/louer-lesetoiles.ca\/#website"},"datePublished":"2021-01-21T09:18:30+00:00","dateModified":"2023-07-27T15:47:47+00:00","description":"Appartements de luxe avec vue panoramique sur le quartier des affaires de Montr\u00e9al, con\u00e7us pour les professionnels \u00e0 la recherche d'un style de vie urbain et chic.","breadcrumb":{"@id":"https:\/\/louer-lesetoiles.ca\/fr\/a-propos\/#breadcrumb"},"inLanguage":"fr-FR","potentialAction":[{"@type":"ReadAction","target":["https:\/\/louer-lesetoiles.ca\/fr\/a-propos\/"]}]},{"@type":"BreadcrumbList","@id":"https:\/\/louer-lesetoiles.ca\/fr\/a-propos\/#breadcrumb","itemListElement":[{"@type":"ListItem","position":1,"name":"Home","item":"https:\/\/louer-lesetoiles.ca\/fr\/"},{"@type":"ListItem","position":2,"name":"\u00c0 propos"}]},{"@type":"WebSite","@id":"https:\/\/louer-lesetoiles.ca\/#website","url":"https:\/\/louer-lesetoiles.ca\/","name":"Les Etoiles","description":"","potentialAction":[{"@type":"SearchAction","target":{"@type":"EntryPoint","urlTemplate":"https:\/\/louer-lesetoiles.ca\/?s={search_term_string}"},"query-input":{"@type":"PropertyValueSpecification","valueRequired":true,"valueName":"search_term_string"}}],"inLanguage":"fr-FR"}]}},"_links":{"self":[{"href":"https:\/\/louer-lesetoiles.ca\/fr\/wp-json\/wp\/v2\/pages\/285","targetHints":{"allow":["GET"]}}],"collection":[{"href":"https:\/\/louer-lesetoiles.ca\/fr\/wp-json\/wp\/v2\/pages"}],"about":[{"href":"https:\/\/louer-lesetoiles.ca\/fr\/wp-json\/wp\/v2\/types\/page"}],"author":[{"embeddable":true,"href":"https:\/\/louer-lesetoiles.ca\/fr\/wp-json\/wp\/v2\/users\/2"}],"replies":[{"embeddable":true,"href":"https:\/\/louer-lesetoiles.ca\/fr\/wp-json\/wp\/v2\/comments?post=285"}],"version-history":[{"count":0,"href":"https:\/\/louer-lesetoiles.ca\/fr\/wp-json\/wp\/v2\/pages\/285\/revisions"}],"wp:attachment":[{"href":"https:\/\/louer-lesetoiles.ca\/fr\/wp-json\/wp\/v2\/media?parent=285"}],"curies":[{"name":"wp","href":"https:\/\/api.w.org\/{rel}","templated":true}]}}